{"id":3019,"date":"2020-12-13T18:28:45","date_gmt":"2020-12-13T18:28:45","guid":{"rendered":"https:\/\/beefgradingagency.ca\/?page_id=3019"},"modified":"2025-09-17T19:05:50","modified_gmt":"2025-09-18T02:05:50","slug":"classement-du-veau","status":"publish","type":"page","link":"https:\/\/beefgradingagency.ca\/fr\/classement-du-betail\/classement-du-veau\/","title":{"rendered":"Classement du veau"},"content":{"rendered":"<p>[et_pb_section fb_built=\u00a0\u00bb1&Prime; custom_padding_last_edited=\u00a0\u00bbon|phone\u00a0\u00bb admin_label=\u00a0\u00bbHeader\u00a0\u00bb _builder_version=\u00a0\u00bb4.16&Prime; use_background_color_gradient=\u00a0\u00bbon\u00a0\u00bb background_color_gradient_direction=\u00a0\u00bb90deg\u00a0\u00bb background_color_gradient_stops=\u00a0\u00bb#000000 30%|rgba(0,0,0,0.16) 100%\u00a0\u00bb background_color_gradient_overlays_image=\u00a0\u00bbon\u00a0\u00bb background_color_gradient_start=\u00a0\u00bb#000000&Prime; background_color_gradient_start_position=\u00a0\u00bb30%\u00a0\u00bb background_color_gradient_end=\u00a0\u00bbrgba(0,0,0,0.16)\u00a0\u00bb background_image=\u00a0\u00bbhttps:\/\/beefgradingagency.ca\/wp-content\/uploads\/2020\/04\/butcher-11.jpg\u00a0\u00bb custom_padding=\u00a0\u00bb3vw|0px|3vw|0px|true|false\u00a0\u00bb custom_padding_tablet=\u00a0\u00bb2vw||2vw||true|false\u00a0\u00bb custom_padding_phone=\u00a0\u00bb1.5vw||1.5vw||true|false\u00a0\u00bb background_last_edited=\u00a0\u00bbon|tablet\u00a0\u00bb global_colors_info=\u00a0\u00bb{}\u00a0\u00bb][et_pb_row _builder_version=\u00a0\u00bb4.16&Prime; min_height=\u00a0\u00bb193px\u00a0\u00bb custom_margin=\u00a0\u00bb0px||0px||false|false\u00a0\u00bb custom_padding=\u00a0\u00bb40px|0px|51px|0px|false|false\u00a0\u00bb global_colors_info=\u00a0\u00bb{}\u00a0\u00bb][et_pb_column type=\u00a0\u00bb4_4&Prime; _builder_version=\u00a0\u00bb4.16&Prime; custom_padding=\u00a0\u00bb|||\u00a0\u00bb global_colors_info=\u00a0\u00bb{}\u00a0\u00bb custom_padding__hover=\u00a0\u00bb|||\u00a0\u00bb][et_pb_text content_tablet=\u00a0\u00bb<\/p>\n<h4>AGENCE CANADIENNE DE CLASSEMENT DU BOEUF<\/h4>\n<p>\u00a0\u00bb content_phone=\u00a0\u00bb<\/p>\n<h4>AGENCE CANADIENNE DE CLASSEMENT DU BOEUF<\/h4>\n<p>\u00a0\u00bb content_last_edited=\u00a0\u00bbon|phone\u00a0\u00bb _builder_version=\u00a0\u00bb4.27.4&Prime; text_font=\u00a0\u00bbRaleway|500|||||||\u00a0\u00bb text_text_color=\u00a0\u00bb#e02b20&Prime; text_font_size=\u00a0\u00bb15px\u00a0\u00bb text_line_height=\u00a0\u00bb1.5em\u00a0\u00bb header_font=\u00a0\u00bb||||||||\u00a0\u00bb header_font_size=\u00a0\u00bb45px\u00a0\u00bb header_letter_spacing=\u00a0\u00bb1px\u00a0\u00bb header_4_font=\u00a0\u00bb|600||on|||||\u00a0\u00bb header_4_text_color=\u00a0\u00bb#ff0000&Prime; header_4_font_size=\u00a0\u00bb20px\u00a0\u00bb header_4_letter_spacing=\u00a0\u00bb6px\u00a0\u00bb header_4_line_height=\u00a0\u00bb1.4em\u00a0\u00bb text_orientation=\u00a0\u00bbcenter\u00a0\u00bb background_layout=\u00a0\u00bbdark\u00a0\u00bb max_width=\u00a0\u00bb80%\u00a0\u00bb max_width_tablet=\u00a0\u00bb\u00a0\u00bb max_width_phone=\u00a0\u00bb\u00a0\u00bb max_width_last_edited=\u00a0\u00bbon|phone\u00a0\u00bb module_alignment=\u00a0\u00bbcenter\u00a0\u00bb custom_margin=\u00a0\u00bb||0px||false|false\u00a0\u00bb custom_margin_tablet=\u00a0\u00bb||0px||false|false\u00a0\u00bb custom_margin_phone=\u00a0\u00bb||||false|false\u00a0\u00bb custom_margin_last_edited=\u00a0\u00bbon|phone\u00a0\u00bb custom_padding=\u00a0\u00bb2vw||0vw||false|false\u00a0\u00bb custom_padding_tablet=\u00a0\u00bb3vw||0vw||false|false\u00a0\u00bb custom_padding_phone=\u00a0\u00bb4vw||0vw||false|false\u00a0\u00bb custom_padding_last_edited=\u00a0\u00bbon|phone\u00a0\u00bb animation_style=\u00a0\u00bbfade\u00a0\u00bb header_font_size_tablet=\u00a0\u00bb45px\u00a0\u00bb header_font_size_phone=\u00a0\u00bb35px\u00a0\u00bb header_font_size_last_edited=\u00a0\u00bbon|desktop\u00a0\u00bb header_4_font_size_tablet=\u00a0\u00bb15px\u00a0\u00bb header_4_font_size_phone=\u00a0\u00bb16px\u00a0\u00bb header_4_font_size_last_edited=\u00a0\u00bbon|phone\u00a0\u00bb header_4_letter_spacing_tablet=\u00a0\u00bb5px\u00a0\u00bb header_4_letter_spacing_phone=\u00a0\u00bb4px\u00a0\u00bb header_4_letter_spacing_last_edited=\u00a0\u00bbon|desktop\u00a0\u00bb header_4_line_height_tablet=\u00a0\u00bb\u00a0\u00bb header_4_line_height_phone=\u00a0\u00bb\u00a0\u00bb header_4_line_height_last_edited=\u00a0\u00bbon|tablet\u00a0\u00bb text_text_shadow_style=\u00a0\u00bbpreset4&Prime; text_text_shadow_blur_strength=\u00a0\u00bb0.53em\u00a0\u00bb header_text_shadow_style=\u00a0\u00bbpreset4&Prime; header_text_shadow_blur_strength=\u00a0\u00bb0.18em\u00a0\u00bb header_text_shadow_color=\u00a0\u00bb#000000&Prime; header_4_text_shadow_style=\u00a0\u00bbpreset2&Prime; header_4_text_shadow_horizontal_length=\u00a0\u00bb0.06em\u00a0\u00bb header_4_text_shadow_vertical_length=\u00a0\u00bb0.07em\u00a0\u00bb header_4_text_shadow_blur_strength=\u00a0\u00bb0em\u00a0\u00bb header_4_text_shadow_color=\u00a0\u00bb#000000&Prime; border_width_all=\u00a0\u00bb2px\u00a0\u00bb border_color_all=\u00a0\u00bbrgba(255,255,255,0.18)\u00a0\u00bb border_width_right=\u00a0\u00bb0px\u00a0\u00bb border_width_bottom=\u00a0\u00bb0px\u00a0\u00bb border_width_left=\u00a0\u00bb0px\u00a0\u00bb saved_tabs=\u00a0\u00bball\u00a0\u00bb global_colors_info=\u00a0\u00bb{}\u00a0\u00bb header_font_size__hover_enabled=\u00a0\u00bbon|desktop\u00a0\u00bb global_module=\u00a0\u00bb4102&Prime; theme_builder_area=\u00a0\u00bbpost_content\u00a0\u00bb header_font_size__hover=\u00a0\u00bb45px\u00a0\u00bb]<\/p>\n<h4>Agence Canadienne de classement du boeuf<\/h4>\n<p>[\/et_pb_text][et_pb_text content_tablet=\u00a0\u00bb<\/p>\n<h1>Classement du veau<\/h1>\n<p>\u00a0\u00bb content_phone=\u00a0\u00bb<\/p>\n<h1>Classement du veau<\/h1>\n<p>\u00a0\u00bb content_last_edited=\u00a0\u00bbon|tablet\u00a0\u00bb _builder_version=\u00a0\u00bb4.16&Prime; text_font=\u00a0\u00bb|500|||||||\u00a0\u00bb text_text_color=\u00a0\u00bb#e02b20&Prime; text_font_size=\u00a0\u00bb15px\u00a0\u00bb text_line_height=\u00a0\u00bb1.5em\u00a0\u00bb header_font=\u00a0\u00bb||||||||\u00a0\u00bb header_font_size=\u00a0\u00bb45px\u00a0\u00bb header_letter_spacing=\u00a0\u00bb1px\u00a0\u00bb header_line_height=\u00a0\u00bb1.1em\u00a0\u00bb header_4_font=\u00a0\u00bbRaleway|600|||||||\u00a0\u00bb header_4_text_color=\u00a0\u00bb#b70900&Prime; header_4_font_size=\u00a0\u00bb20px\u00a0\u00bb header_4_letter_spacing=\u00a0\u00bb10px\u00a0\u00bb text_orientation=\u00a0\u00bbcenter\u00a0\u00bb background_layout=\u00a0\u00bbdark\u00a0\u00bb max_width=\u00a0\u00bb80%\u00a0\u00bb max_width_tablet=\u00a0\u00bb\u00a0\u00bb max_width_phone=\u00a0\u00bb\u00a0\u00bb max_width_last_edited=\u00a0\u00bbon|phone\u00a0\u00bb module_alignment=\u00a0\u00bbcenter\u00a0\u00bb custom_margin=\u00a0\u00bb0px||0px||true\u00a0\u00bb custom_padding=\u00a0\u00bb1vw||2.5vw||false|false\u00a0\u00bb custom_padding_tablet=\u00a0\u00bb0vw||2vw||false|false\u00a0\u00bb custom_padding_phone=\u00a0\u00bb0vw||2vw||false|false\u00a0\u00bb custom_padding_last_edited=\u00a0\u00bbon|phone\u00a0\u00bb animation_style=\u00a0\u00bbfade\u00a0\u00bb header_font_size_tablet=\u00a0\u00bb45px\u00a0\u00bb header_font_size_phone=\u00a0\u00bb35px\u00a0\u00bb header_font_size_last_edited=\u00a0\u00bbon|desktop\u00a0\u00bb text_text_shadow_style=\u00a0\u00bbpreset4&Prime; text_text_shadow_blur_strength=\u00a0\u00bb0.53em\u00a0\u00bb header_text_shadow_style=\u00a0\u00bbpreset4&Prime; header_text_shadow_blur_strength=\u00a0\u00bb0.18em\u00a0\u00bb header_text_shadow_color=\u00a0\u00bb#000000&Prime; border_width_all=\u00a0\u00bb2px\u00a0\u00bb border_color_all=\u00a0\u00bbrgba(255,255,255,0.18)\u00a0\u00bb border_width_top=\u00a0\u00bb0px\u00a0\u00bb border_width_right=\u00a0\u00bb0px\u00a0\u00bb border_width_left=\u00a0\u00bb0px\u00a0\u00bb saved_tabs=\u00a0\u00bball\u00a0\u00bb global_colors_info=\u00a0\u00bb{}\u00a0\u00bb header_font_size__hover_enabled=\u00a0\u00bbon|desktop\u00a0\u00bb header_font_size__hover=\u00a0\u00bb45px\u00a0\u00bb]<\/p>\n<h1>CLASSEMENT DU VEAU<\/h1>\n<p>[\/et_pb_text][\/et_pb_column][\/et_pb_row][\/et_pb_section][et_pb_section fb_built=\u00a0\u00bb1&Prime; custom_padding_last_edited=\u00a0\u00bbon|phone\u00a0\u00bb _builder_version=\u00a0\u00bb4.16&Prime; _module_preset=\u00a0\u00bbdefault\u00a0\u00bb custom_padding=\u00a0\u00bb0px||0px||true|false\u00a0\u00bb custom_padding_tablet=\u00a0\u00bb\u00a0\u00bb custom_padding_phone=\u00a0\u00bb||||true|false\u00a0\u00bb global_colors_info=\u00a0\u00bb{}\u00a0\u00bb][et_pb_row column_structure=\u00a0\u00bb3_4,1_4&Prime; use_custom_gutter=\u00a0\u00bbon\u00a0\u00bb gutter_width=\u00a0\u00bb1&Prime; custom_padding_last_edited=\u00a0\u00bbon|phone\u00a0\u00bb _builder_version=\u00a0\u00bb4.16&Prime; _module_preset=\u00a0\u00bbdefault\u00a0\u00bb width=\u00a0\u00bb100%\u00a0\u00bb max_width=\u00a0\u00bb2580px\u00a0\u00bb custom_padding=\u00a0\u00bb20px||||false|false\u00a0\u00bb custom_padding_tablet=\u00a0\u00bb\u00a0\u00bb custom_padding_phone=\u00a0\u00bb20px||||false|false\u00a0\u00bb global_colors_info=\u00a0\u00bb{}\u00a0\u00bb][et_pb_column type=\u00a0\u00bb3_4&Prime; _builder_version=\u00a0\u00bb4.16&Prime; _module_preset=\u00a0\u00bbdefault\u00a0\u00bb custom_padding=\u00a0\u00bb|||40px|false|false\u00a0\u00bb global_colors_info=\u00a0\u00bb{}\u00a0\u00bb][et_pb_text _builder_version=\u00a0\u00bb4.16&Prime; text_font=\u00a0\u00bbRaleway||||||||\u00a0\u00bb header_3_font=\u00a0\u00bb|500|||||||\u00a0\u00bb header_3_text_color=\u00a0\u00bb#9b000e\u00a0\u00bb header_3_font_size=\u00a0\u00bb30px\u00a0\u00bb custom_padding=\u00a0\u00bb|24px|||false|false\u00a0\u00bb header_3_font_size_tablet=\u00a0\u00bb\u00a0\u00bb header_3_font_size_phone=\u00a0\u00bb\u00a0\u00bb header_3_font_size_last_edited=\u00a0\u00bbon|tablet\u00a0\u00bb global_colors_info=\u00a0\u00bb{}\u00a0\u00bb]<\/p>\n<h3>LE PROGRAMME CANADIEN DE CLASSEMENT DU VEAU<\/h3>\n<p>[\/et_pb_text][et_pb_text _builder_version=\u00a0\u00bb4.16&Prime; text_font=\u00a0\u00bb||||||||\u00a0\u00bb text_font_size=\u00a0\u00bb16px\u00a0\u00bb text_line_height=\u00a0\u00bb1.8em\u00a0\u00bb custom_padding=\u00a0\u00bb||||false|false\u00a0\u00bb custom_padding_tablet=\u00a0\u00bb|24px|||false|false\u00a0\u00bb custom_padding_phone=\u00a0\u00bb|24px|||false|false\u00a0\u00bb custom_padding_last_edited=\u00a0\u00bbon|tablet\u00a0\u00bb global_colors_info=\u00a0\u00bb{}\u00a0\u00bb]<\/p>\n<p>Les carcasses de jeunes bovins pesant moins de 190 kilogrammes (peau non comprise) sont class\u00e9es dans la cat\u00e9gorie veau dans le programme canadien de classement du b\u0153uf. Les carcasses de veau sont class\u00e9es en fonction de la couleur de la viande, de la musculature g\u00e9n\u00e9rale et de la couverture de gras. Les carcasses de veau sont class\u00e9es en fonction de la couleur de la viande, de la musculature g\u00e9n\u00e9rale et de la couverture de gras.<\/p>\n<p>Les carcasses de veau ayant une musculature qui varie de bonne \u00e0 excellente et des d\u00e9p\u00f4ts de gras de couleur blanc cr\u00e8me sont class\u00e9es CANADA A. Celles qui ont une musculature qui varie de faible \u00e0 moyenne et une couverture de gras excessive sont class\u00e9es CANADA B.<\/p>\n<p>Les carcasses de veau qui ne r\u00e9pondent pas aux exigences de la cat\u00e9gorie CANADA B sont class\u00e9es CANADA C.<\/p>\n<p>Toutes les carcasses de veau sont ensuite class\u00e9es selon la couleur de la viande. Le classificateur de veau utilise un colorim\u00e8tre pour effectuer cette t\u00e2che. Les carcasses re\u00e7oivent une valeur num\u00e9rique, bas\u00e9e sur la mesure objective de la couleur de la viande.<\/p>\n<p>Les carcasses de veau sont s\u00e9par\u00e9es en quatre cat\u00e9gories de couleur, selon les mesures lues par le colorim\u00e8tre. La gamme de couleurs rose vif ou plus clair re\u00e7oit la cat\u00e9gorie 1. \u00c0 mesure que la couleur de la viande devient plus rose ou rouge, les cat\u00e9gories 2, 3 et 4 sont attribu\u00e9es. Cette m\u00e9thode scientifique d&rsquo;\u00e9valuation de la couleur de la viande est continuellement raffin\u00e9e. Des recherches sont actuellement en cours pour d\u00e9velopper une sonde \u00e0 viande qui mesurera directement le niveau de pigmentation de la viande, qui est la base de toute analyse de couleur. Si cette m\u00e9thode de d\u00e9termination de la couleur est jug\u00e9e sup\u00e9rieure aux m\u00e9thodes actuelles, cette nouvelle technologie sera adopt\u00e9e.<\/p>\n<p>Tel que mentionn\u00e9 dans l&rsquo;analyse ci-dessus, la meilleure qualit\u00e9 de veau canadien provient de carcasses de cat\u00e9gorie A1. \u00c0 mesure que la qualit\u00e9 de la musculature et du gras dorsal d\u00e9cro\u00eet, le rendement de la musculature passera de B \u00e0 C. Lorsque la couleur de la viande devient rose plus fonc\u00e9 ou rouge, le rendement de la couleur passera de 2 \u00e0 3 ou \u00e0 4. Le niveau de qualit\u00e9 le plus bas du veau canadien provient donc de carcasses de classe C2. Gr\u00e2ce \u00e0 ce proc\u00e9d\u00e9 de classification de la couleur et de la musculature, les acheteurs de veau canadien peuvent sp\u00e9cifier leurs besoins exacts quant \u00e0 la qualit\u00e9 de ls viande.<\/p>\n<p>[\/et_pb_text][\/et_pb_column][et_pb_column type=\u00a0\u00bb1_4&Prime; _builder_version=\u00a0\u00bb4.16&Prime; _module_preset=\u00a0\u00bbdefault\u00a0\u00bb global_colors_info=\u00a0\u00bb{}\u00a0\u00bb][et_pb_image src=\u00a0\u00bbhttps:\/\/beefgradingagency.ca\/wp-content\/uploads\/2020\/05\/veal-portrait.jpg\u00a0\u00bb title_text=\u00a0\u00bbTranches de jarret de veau frais\u00a0\u00bb align=\u00a0\u00bbcenter\u00a0\u00bb _builder_version=\u00a0\u00bb4.16&Prime; width_tablet=\u00a0\u00bbauto\u00a0\u00bb width_phone=\u00a0\u00bb\u00a0\u00bb width_last_edited=\u00a0\u00bbon|desktop\u00a0\u00bb max_width=\u00a0\u00bb60%\u00a0\u00bb module_alignment=\u00a0\u00bbcenter\u00a0\u00bb min_height_tablet=\u00a0\u00bb\u00a0\u00bb min_height_phone=\u00a0\u00bb\u00a0\u00bb min_height_last_edited=\u00a0\u00bbon|tablet\u00a0\u00bb max_height_tablet=\u00a0\u00bb300px\u00a0\u00bb max_height_phone=\u00a0\u00bb300px\u00a0\u00bb max_height_last_edited=\u00a0\u00bbon|phone\u00a0\u00bb custom_padding=\u00a0\u00bb30px|40px|40px|40px|false|true\u00a0\u00bb custom_padding_tablet=\u00a0\u00bb20px|0px|20px|0px|true|true\u00a0\u00bb custom_padding_phone=\u00a0\u00bb\u00a0\u00bb custom_padding_last_edited=\u00a0\u00bbon|desktop\u00a0\u00bb module_alignment_tablet=\u00a0\u00bb\u00a0\u00bb module_alignment_phone=\u00a0\u00bb\u00a0\u00bb module_alignment_last_edited=\u00a0\u00bbon|phone\u00a0\u00bb global_colors_info=\u00a0\u00bb{}\u00a0\u00bb][\/et_pb_image][\/et_pb_column][\/et_pb_row][et_pb_row custom_padding_last_edited=\u00a0\u00bbon|desktop\u00a0\u00bb _builder_version=\u00a0\u00bb4.16&Prime; background_color=\u00a0\u00bb#70000d\u00a0\u00bb background_enable_image=\u00a0\u00bboff\u00a0\u00bb background_size=\u00a0\u00bbinitial\u00a0\u00bb background_repeat=\u00a0\u00bbrepeat-x\u00a0\u00bb width=\u00a0\u00bb100%\u00a0\u00bb max_width=\u00a0\u00bb100%\u00a0\u00bb custom_padding=\u00a0\u00bb10px|0px|6px|0px|false|false\u00a0\u00bb custom_padding_tablet=\u00a0\u00bb||0px||false|false\u00a0\u00bb custom_padding_phone=\u00a0\u00bb\u00a0\u00bb use_custom_width=\u00a0\u00bbon\u00a0\u00bb width_unit=\u00a0\u00bboff\u00a0\u00bb custom_width_percent=\u00a0\u00bb100%\u00a0\u00bb global_colors_info=\u00a0\u00bb{}\u00a0\u00bb][et_pb_column type=\u00a0\u00bb4_4&Prime; _builder_version=\u00a0\u00bb4.16&Prime; background_image=\u00a0\u00bbhttp:\/\/beefgradingagency.ca\/wp-content\/uploads\/2020\/03\/butcher-image-11-2.png\u00a0\u00bb background_size=\u00a0\u00bbinitial\u00a0\u00bb background_position=\u00a0\u00bbtop_center\u00a0\u00bb background_repeat=\u00a0\u00bbrepeat-x\u00a0\u00bb custom_padding=\u00a0\u00bb|||\u00a0\u00bb global_colors_info=\u00a0\u00bb{}\u00a0\u00bb custom_padding__hover=\u00a0\u00bb|||\u00a0\u00bb][et_pb_text _builder_version=\u00a0\u00bb4.16&Prime; text_font=\u00a0\u00bbMontserrat||||||||\u00a0\u00bb header_2_font=\u00a0\u00bb|500|||||||\u00a0\u00bb header_2_text_color=\u00a0\u00bb#f2f2f2&Prime; header_2_font_size=\u00a0\u00bb39px\u00a0\u00bb background_color=\u00a0\u00bb#70000d\u00a0\u00bb text_orientation=\u00a0\u00bbcenter\u00a0\u00bb max_width=\u00a0\u00bb700px\u00a0\u00bb max_width_tablet=\u00a0\u00bb520px\u00a0\u00bb max_width_phone=\u00a0\u00bb350px\u00a0\u00bb max_width_last_edited=\u00a0\u00bbon|tablet\u00a0\u00bb module_alignment=\u00a0\u00bbcenter\u00a0\u00bb custom_margin=\u00a0\u00bb||||false|false\u00a0\u00bb custom_padding=\u00a0\u00bb0px||0px||false|false\u00a0\u00bb header_2_font_size_tablet=\u00a0\u00bb30px\u00a0\u00bb header_2_font_size_phone=\u00a0\u00bb20px\u00a0\u00bb header_2_font_size_last_edited=\u00a0\u00bbon|phone\u00a0\u00bb global_colors_info=\u00a0\u00bb{}\u00a0\u00bb header_font_size__hover=\u00a0\u00bb30px\u00a0\u00bb header_font_size__hover_enabled=\u00a0\u00bb30px\u00a0\u00bb header_letter_spacing__hover=\u00a0\u00bb0px\u00a0\u00bb header_letter_spacing__hover_enabled=\u00a0\u00bb0px\u00a0\u00bb header_text_shadow_style__hover=\u00a0\u00bbnone\u00a0\u00bb header_text_shadow_style__hover_enabled=\u00a0\u00bbnone\u00a0\u00bb header_text_shadow_color__hover=\u00a0\u00bbrgba(0,0,0,0.4)\u00a0\u00bb header_text_shadow_color__hover_enabled=\u00a0\u00bbrgba(0,0,0,0.4)\u00a0\u00bb text_font_size__hover=\u00a0\u00bb14px\u00a0\u00bb text_font_size__hover_enabled=\u00a0\u00bb14px\u00a0\u00bb text_letter_spacing__hover=\u00a0\u00bb0px\u00a0\u00bb text_letter_spacing__hover_enabled=\u00a0\u00bb0px\u00a0\u00bb text_line_height__hover=\u00a0\u00bb1.7em\u00a0\u00bb text_line_height__hover_enabled=\u00a0\u00bb1.7em\u00a0\u00bb text_text_shadow_style__hover=\u00a0\u00bbnone\u00a0\u00bb text_text_shadow_style__hover_enabled=\u00a0\u00bbnone\u00a0\u00bb text_text_shadow_color__hover=\u00a0\u00bbrgba(0,0,0,0.4)\u00a0\u00bb text_text_shadow_color__hover_enabled=\u00a0\u00bbrgba(0,0,0,0.4)\u00a0\u00bb link_font_size__hover=\u00a0\u00bb14px\u00a0\u00bb link_font_size__hover_enabled=\u00a0\u00bb14px\u00a0\u00bb link_letter_spacing__hover=\u00a0\u00bb0px\u00a0\u00bb link_letter_spacing__hover_enabled=\u00a0\u00bb0px\u00a0\u00bb link_line_height__hover=\u00a0\u00bb1em\u00a0\u00bb link_line_height__hover_enabled=\u00a0\u00bb1em\u00a0\u00bb link_text_shadow_style__hover=\u00a0\u00bbnone\u00a0\u00bb link_text_shadow_style__hover_enabled=\u00a0\u00bbnone\u00a0\u00bb link_text_shadow_color__hover=\u00a0\u00bbrgba(0,0,0,0.4)\u00a0\u00bb link_text_shadow_color__hover_enabled=\u00a0\u00bbrgba(0,0,0,0.4)\u00a0\u00bb ul_font_size__hover=\u00a0\u00bb14px\u00a0\u00bb ul_font_size__hover_enabled=\u00a0\u00bb14px\u00a0\u00bb ul_letter_spacing__hover=\u00a0\u00bb0px\u00a0\u00bb ul_letter_spacing__hover_enabled=\u00a0\u00bb0px\u00a0\u00bb ul_line_height__hover=\u00a0\u00bb1em\u00a0\u00bb ul_line_height__hover_enabled=\u00a0\u00bb1em\u00a0\u00bb ul_text_shadow_style__hover=\u00a0\u00bbnone\u00a0\u00bb ul_text_shadow_style__hover_enabled=\u00a0\u00bbnone\u00a0\u00bb ul_text_shadow_color__hover=\u00a0\u00bbrgba(0,0,0,0.4)\u00a0\u00bb ul_text_shadow_color__hover_enabled=\u00a0\u00bbrgba(0,0,0,0.4)\u00a0\u00bb ol_font_size__hover=\u00a0\u00bb14px\u00a0\u00bb ol_font_size__hover_enabled=\u00a0\u00bb14px\u00a0\u00bb ol_letter_spacing__hover=\u00a0\u00bb0px\u00a0\u00bb ol_letter_spacing__hover_enabled=\u00a0\u00bb0px\u00a0\u00bb ol_line_height__hover=\u00a0\u00bb1em\u00a0\u00bb ol_line_height__hover_enabled=\u00a0\u00bb1em\u00a0\u00bb ol_text_shadow_style__hover=\u00a0\u00bbnone\u00a0\u00bb ol_text_shadow_style__hover_enabled=\u00a0\u00bbnone\u00a0\u00bb ol_text_shadow_color__hover=\u00a0\u00bbrgba(0,0,0,0.4)\u00a0\u00bb ol_text_shadow_color__hover_enabled=\u00a0\u00bbrgba(0,0,0,0.4)\u00a0\u00bb quote_font_size__hover=\u00a0\u00bb14px\u00a0\u00bb quote_font_size__hover_enabled=\u00a0\u00bb14px\u00a0\u00bb quote_letter_spacing__hover=\u00a0\u00bb0px\u00a0\u00bb quote_letter_spacing__hover_enabled=\u00a0\u00bb0px\u00a0\u00bb quote_line_height__hover=\u00a0\u00bb1em\u00a0\u00bb quote_line_height__hover_enabled=\u00a0\u00bb1em\u00a0\u00bb quote_text_shadow_style__hover=\u00a0\u00bbnone\u00a0\u00bb quote_text_shadow_style__hover_enabled=\u00a0\u00bbnone\u00a0\u00bb quote_text_shadow_color__hover=\u00a0\u00bbrgba(0,0,0,0.4)\u00a0\u00bb quote_text_shadow_color__hover_enabled=\u00a0\u00bbrgba(0,0,0,0.4)\u00a0\u00bb text_orientation__hover=\u00a0\u00bbleft\u00a0\u00bb text_orientation__hover_enabled=\u00a0\u00bbleft\u00a0\u00bb background_layout__hover=\u00a0\u00bblight\u00a0\u00bb background_layout__hover_enabled=\u00a0\u00bblight\u00a0\u00bb]<\/p>\n<h2>FACTEURS REQUIS POUR LA CLASSIFICATION<\/h2>\n<p>[\/et_pb_text][\/et_pb_column][\/et_pb_row][\/et_pb_section][et_pb_section fb_built=\u00a0\u00bb1&Prime; _builder_version=\u00a0\u00bb4.16&Prime; _module_preset=\u00a0\u00bbdefault\u00a0\u00bb custom_padding=\u00a0\u00bb0px||0px||true|false\u00a0\u00bb global_colors_info=\u00a0\u00bb{}\u00a0\u00bb][et_pb_row use_custom_gutter=\u00a0\u00bbon\u00a0\u00bb gutter_width=\u00a0\u00bb1&Prime; custom_padding_last_edited=\u00a0\u00bbon|phone\u00a0\u00bb _builder_version=\u00a0\u00bb4.16&Prime; _module_preset=\u00a0\u00bbdefault\u00a0\u00bb background_color=\u00a0\u00bb#70000d\u00a0\u00bb width=\u00a0\u00bb100%\u00a0\u00bb max_width=\u00a0\u00bb2580px\u00a0\u00bb custom_padding=\u00a0\u00bb0px||0px||true|false\u00a0\u00bb custom_padding_tablet=\u00a0\u00bb\u00a0\u00bb custom_padding_phone=\u00a0\u00bb20px||20px||true|false\u00a0\u00bb global_colors_info=\u00a0\u00bb{}\u00a0\u00bb][et_pb_column type=\u00a0\u00bb4_4&Prime; _builder_version=\u00a0\u00bb4.16&Prime; _module_preset=\u00a0\u00bbdefault\u00a0\u00bb background_color=\u00a0\u00bbrgba(0,0,0,0)\u00a0\u00bb custom_padding=\u00a0\u00bb0px||0px||true|false\u00a0\u00bb global_colors_info=\u00a0\u00bb{}\u00a0\u00bb][et_pb_image src=\u00a0\u00bbhttps:\/\/beefgradingagency.ca\/wp-content\/uploads\/veal-GRADES.png\u00a0\u00bb title_text=\u00a0\u00bbveau-CAT\u00c9GORIES\u00a0\u00bb align=\u00a0\u00bbcenter\u00a0\u00bb align_tablet=\u00a0\u00bb\u00a0\u00bb align_phone=\u00a0\u00bb\u00a0\u00bb align_last_edited=\u00a0\u00bbon|tablet\u00a0\u00bb _builder_version=\u00a0\u00bb4.18.0&Prime; position_origin_a=\u00a0\u00bbcenter_center\u00a0\u00bb position_origin_r=\u00a0\u00bbtop_right\u00a0\u00bb horizontal_offset=\u00a0\u00bb-190px\u00a0\u00bb max_width=\u00a0\u00bb70%\u00a0\u00bb max_width_tablet=\u00a0\u00bb100%\u00a0\u00bb max_width_phone=\u00a0\u00bb100%\u00a0\u00bb max_width_last_edited=\u00a0\u00bbon|desktop\u00a0\u00bb module_alignment=\u00a0\u00bbcenter\u00a0\u00bb custom_margin=\u00a0\u00bb|0px||0px|false|false\u00a0\u00bb custom_padding=\u00a0\u00bb|0px||0px|false|false\u00a0\u00bb global_colors_info=\u00a0\u00bb{}\u00a0\u00bb][\/et_pb_image][\/et_pb_column][\/et_pb_row][\/et_pb_section]<\/p>\n","protected":false},"excerpt":{"rendered":"<p>Agence Canadienne de classement du boeufCLASSEMENT DU VEAULE PROGRAMME CANADIEN DE CLASSEMENT DU VEAULes carcasses de jeunes bovins pesant moins de 190 kilogrammes (peau non comprise) sont class\u00e9es dans la cat\u00e9gorie veau dans le programme canadien de classement du b\u0153uf. Les carcasses de veau sont class\u00e9es en fonction de la couleur de la viande, de [&hellip;]<\/p>\n","protected":false},"author":1,"featured_media":0,"parent":2929,"menu_order":0,"comment_status":"closed","ping_status":"closed","template":"","meta":{"_et_pb_use_builder":"on","_et_pb_old_content":"","_et_gb_content_width":"","footnotes":""},"class_list":["post-3019","page","type-page","status-publish","hentry"],"_links":{"self":[{"href":"https:\/\/beefgradingagency.ca\/fr\/wp-json\/wp\/v2\/pages\/3019","targetHints":{"allow":["GET"]}}],"collection":[{"href":"https:\/\/beefgradingagency.ca\/fr\/wp-json\/wp\/v2\/pages"}],"about":[{"href":"https:\/\/beefgradingagency.ca\/fr\/wp-json\/wp\/v2\/types\/page"}],"author":[{"embeddable":true,"href":"https:\/\/beefgradingagency.ca\/fr\/wp-json\/wp\/v2\/users\/1"}],"replies":[{"embeddable":true,"href":"https:\/\/beefgradingagency.ca\/fr\/wp-json\/wp\/v2\/comments?post=3019"}],"version-history":[{"count":58,"href":"https:\/\/beefgradingagency.ca\/fr\/wp-json\/wp\/v2\/pages\/3019\/revisions"}],"predecessor-version":[{"id":9038,"href":"https:\/\/beefgradingagency.ca\/fr\/wp-json\/wp\/v2\/pages\/3019\/revisions\/9038"}],"up":[{"embeddable":true,"href":"https:\/\/beefgradingagency.ca\/fr\/wp-json\/wp\/v2\/pages\/2929"}],"wp:attachment":[{"href":"https:\/\/beefgradingagency.ca\/fr\/wp-json\/wp\/v2\/media?parent=3019"}],"curies":[{"name":"wp","href":"https:\/\/api.w.org\/{rel}","templated":true}]}}