{"id":6043,"date":"2022-01-07T14:59:26","date_gmt":"2022-01-07T14:59:26","guid":{"rendered":"https:\/\/beefgradingagency.ca\/en-memoire-de-fred-taylor\/"},"modified":"2025-09-17T19:08:20","modified_gmt":"2025-09-18T02:08:20","slug":"en-memoire-de-fred-taylor","status":"publish","type":"page","link":"https:\/\/beefgradingagency.ca\/fr\/en-memoire-de-fred-taylor\/","title":{"rendered":"En m\u00e9moire de Fred Taylor"},"content":{"rendered":"<p>[et_pb_section fb_built=\u00a0\u00bb1&Prime; custom_padding_last_edited=\u00a0\u00bbon|phone\u00a0\u00bb _builder_version=\u00a0\u00bb4.16&Prime; use_background_color_gradient=\u00a0\u00bbon\u00a0\u00bb background_color_gradient_direction=\u00a0\u00bb90deg\u00a0\u00bb background_color_gradient_stops=\u00a0\u00bb#000000 30%|rgba(0,0,0,0.16) 100%\u00a0\u00bb background_color_gradient_overlays_image=\u00a0\u00bbon\u00a0\u00bb background_color_gradient_start=\u00a0\u00bb#000000&Prime; background_color_gradient_start_position=\u00a0\u00bb30%\u00a0\u00bb background_color_gradient_end=\u00a0\u00bbrgba(0,0,0,0.16)\u00a0\u00bb background_image=\u00a0\u00bbhttps:\/\/beefgradingagency.ca\/wp-content\/uploads\/2020\/10\/bkg-steak2.jpg\u00a0\u00bb custom_padding=\u00a0\u00bb3vw|0px|3vw|0px|true|false\u00a0\u00bb custom_padding_tablet=\u00a0\u00bb2vw||2vw||true|false\u00a0\u00bb custom_padding_phone=\u00a0\u00bb1.5vw||1.5vw||true|false\u00a0\u00bb background_last_edited=\u00a0\u00bbon|tablet\u00a0\u00bb global_colors_info=\u00a0\u00bb{}\u00a0\u00bb][et_pb_row _builder_version=\u00a0\u00bb4.16&Prime; global_colors_info=\u00a0\u00bb{}\u00a0\u00bb][et_pb_column type=\u00a0\u00bb4_4&Prime; _builder_version=\u00a0\u00bb4.16&Prime; global_colors_info=\u00a0\u00bb{}\u00a0\u00bb][et_pb_text content_tablet=\u00a0\u00bb<\/p>\n<h4>AGENCE CANADIENNE DE CLASSEMENT DU BOEUF<\/h4>\n<p>\u00a0\u00bb content_phone=\u00a0\u00bb<\/p>\n<h4>AGENCE CANADIENNE DE CLASSEMENT DU BOEUF<\/h4>\n<p>\u00a0\u00bb content_last_edited=\u00a0\u00bbon|phone\u00a0\u00bb _builder_version=\u00a0\u00bb4.27.4&Prime; text_font=\u00a0\u00bbRaleway|500|||||||\u00a0\u00bb text_text_color=\u00a0\u00bb#e02b20&Prime; text_font_size=\u00a0\u00bb15px\u00a0\u00bb text_line_height=\u00a0\u00bb1.5em\u00a0\u00bb header_font=\u00a0\u00bb||||||||\u00a0\u00bb header_font_size=\u00a0\u00bb45px\u00a0\u00bb header_letter_spacing=\u00a0\u00bb1px\u00a0\u00bb header_4_font=\u00a0\u00bb|600||on|||||\u00a0\u00bb header_4_text_color=\u00a0\u00bb#ff0000&Prime; header_4_font_size=\u00a0\u00bb20px\u00a0\u00bb header_4_letter_spacing=\u00a0\u00bb6px\u00a0\u00bb header_4_line_height=\u00a0\u00bb1.4em\u00a0\u00bb text_orientation=\u00a0\u00bbcenter\u00a0\u00bb background_layout=\u00a0\u00bbdark\u00a0\u00bb max_width=\u00a0\u00bb80%\u00a0\u00bb max_width_tablet=\u00a0\u00bb\u00a0\u00bb max_width_phone=\u00a0\u00bb\u00a0\u00bb max_width_last_edited=\u00a0\u00bbon|phone\u00a0\u00bb module_alignment=\u00a0\u00bbcenter\u00a0\u00bb custom_margin=\u00a0\u00bb||0px||false|false\u00a0\u00bb custom_margin_tablet=\u00a0\u00bb||0px||false|false\u00a0\u00bb custom_margin_phone=\u00a0\u00bb||||false|false\u00a0\u00bb custom_margin_last_edited=\u00a0\u00bbon|phone\u00a0\u00bb custom_padding=\u00a0\u00bb2vw||0vw||false|false\u00a0\u00bb custom_padding_tablet=\u00a0\u00bb3vw||0vw||false|false\u00a0\u00bb custom_padding_phone=\u00a0\u00bb4vw||0vw||false|false\u00a0\u00bb custom_padding_last_edited=\u00a0\u00bbon|phone\u00a0\u00bb animation_style=\u00a0\u00bbfade\u00a0\u00bb header_font_size_tablet=\u00a0\u00bb45px\u00a0\u00bb header_font_size_phone=\u00a0\u00bb35px\u00a0\u00bb header_font_size_last_edited=\u00a0\u00bbon|desktop\u00a0\u00bb header_4_font_size_tablet=\u00a0\u00bb15px\u00a0\u00bb header_4_font_size_phone=\u00a0\u00bb16px\u00a0\u00bb header_4_font_size_last_edited=\u00a0\u00bbon|phone\u00a0\u00bb header_4_letter_spacing_tablet=\u00a0\u00bb5px\u00a0\u00bb header_4_letter_spacing_phone=\u00a0\u00bb4px\u00a0\u00bb header_4_letter_spacing_last_edited=\u00a0\u00bbon|desktop\u00a0\u00bb header_4_line_height_tablet=\u00a0\u00bb\u00a0\u00bb header_4_line_height_phone=\u00a0\u00bb\u00a0\u00bb header_4_line_height_last_edited=\u00a0\u00bbon|tablet\u00a0\u00bb text_text_shadow_style=\u00a0\u00bbpreset4&Prime; text_text_shadow_blur_strength=\u00a0\u00bb0.53em\u00a0\u00bb header_text_shadow_style=\u00a0\u00bbpreset4&Prime; header_text_shadow_blur_strength=\u00a0\u00bb0.18em\u00a0\u00bb header_text_shadow_color=\u00a0\u00bb#000000&Prime; header_4_text_shadow_style=\u00a0\u00bbpreset2&Prime; header_4_text_shadow_horizontal_length=\u00a0\u00bb0.06em\u00a0\u00bb header_4_text_shadow_vertical_length=\u00a0\u00bb0.07em\u00a0\u00bb header_4_text_shadow_blur_strength=\u00a0\u00bb0em\u00a0\u00bb header_4_text_shadow_color=\u00a0\u00bb#000000&Prime; border_width_all=\u00a0\u00bb2px\u00a0\u00bb border_color_all=\u00a0\u00bbrgba(255,255,255,0.18)\u00a0\u00bb border_width_right=\u00a0\u00bb0px\u00a0\u00bb border_width_bottom=\u00a0\u00bb0px\u00a0\u00bb border_width_left=\u00a0\u00bb0px\u00a0\u00bb saved_tabs=\u00a0\u00bball\u00a0\u00bb global_colors_info=\u00a0\u00bb{}\u00a0\u00bb header_font_size__hover_enabled=\u00a0\u00bbon|desktop\u00a0\u00bb global_module=\u00a0\u00bb4102&Prime; theme_builder_area=\u00a0\u00bbpost_content\u00a0\u00bb header_font_size__hover=\u00a0\u00bb45px\u00a0\u00bb]<\/p>\n<h4>Agence Canadienne de classement du boeuf<\/h4>\n<p>[\/et_pb_text][et_pb_text content_tablet=\u00a0\u00bb<\/p>\n<h1>Prix comm\u00e9moratif Chris Tindall<\/h1>\n<p>\u00a0\u00bb content_phone=\u00a0\u00bb<\/p>\n<h1>Prix comm\u00e9moratif Chris Tindall<\/h1>\n<p>\u00a0\u00bb content_last_edited=\u00a0\u00bbon|phone\u00a0\u00bb _builder_version=\u00a0\u00bb4.16&Prime; text_font=\u00a0\u00bbRaleway|500|||||||\u00a0\u00bb text_text_color=\u00a0\u00bb#e02b20&Prime; text_font_size=\u00a0\u00bb15px\u00a0\u00bb text_line_height=\u00a0\u00bb1.5em\u00a0\u00bb header_font=\u00a0\u00bb|||on|||||\u00a0\u00bb header_font_size=\u00a0\u00bb45px\u00a0\u00bb header_letter_spacing=\u00a0\u00bb1px\u00a0\u00bb header_line_height=\u00a0\u00bb1.4em\u00a0\u00bb header_3_text_color=\u00a0\u00bb#858988&Prime; header_4_font=\u00a0\u00bbRaleway|600|||||||\u00a0\u00bb header_4_text_color=\u00a0\u00bb#b70900&Prime; header_4_font_size=\u00a0\u00bb20px\u00a0\u00bb header_4_letter_spacing=\u00a0\u00bb10px\u00a0\u00bb text_orientation=\u00a0\u00bbcenter\u00a0\u00bb background_layout=\u00a0\u00bbdark\u00a0\u00bb max_width=\u00a0\u00bb80%\u00a0\u00bb max_width_tablet=\u00a0\u00bb\u00a0\u00bb max_width_phone=\u00a0\u00bb\u00a0\u00bb max_width_last_edited=\u00a0\u00bbon|phone\u00a0\u00bb module_alignment=\u00a0\u00bbcenter\u00a0\u00bb custom_margin=\u00a0\u00bb0px||0px||true\u00a0\u00bb custom_padding=\u00a0\u00bb1vw||2.5vw||false|false\u00a0\u00bb custom_padding_tablet=\u00a0\u00bb0vw||2vw||false|false\u00a0\u00bb custom_padding_phone=\u00a0\u00bb0vw||2vw||false|false\u00a0\u00bb custom_padding_last_edited=\u00a0\u00bbon|tablet\u00a0\u00bb animation_style=\u00a0\u00bbfade\u00a0\u00bb header_font_size_tablet=\u00a0\u00bb45px\u00a0\u00bb header_font_size_phone=\u00a0\u00bb28px\u00a0\u00bb header_font_size_last_edited=\u00a0\u00bbon|tablet\u00a0\u00bb text_text_shadow_style=\u00a0\u00bbpreset4&Prime; text_text_shadow_blur_strength=\u00a0\u00bb0.53em\u00a0\u00bb header_text_shadow_style=\u00a0\u00bbpreset4&Prime; header_text_shadow_blur_strength=\u00a0\u00bb0.18em\u00a0\u00bb header_text_shadow_color=\u00a0\u00bb#000000&Prime; border_width_all=\u00a0\u00bb2px\u00a0\u00bb border_color_all=\u00a0\u00bbrgba(255,255,255,0.18)\u00a0\u00bb border_width_top=\u00a0\u00bb0px\u00a0\u00bb border_width_right=\u00a0\u00bb0px\u00a0\u00bb border_width_left=\u00a0\u00bb0px\u00a0\u00bb saved_tabs=\u00a0\u00bball\u00a0\u00bb global_colors_info=\u00a0\u00bb{}\u00a0\u00bb header_font_size__hover_enabled=\u00a0\u00bbon|desktop\u00a0\u00bb header_font_size__hover=\u00a0\u00bb45px\u00a0\u00bb]<\/p>\n<h1>FRED TAYLOR<\/h1>\n<h3>10 d\u00e9cembre, 1952 \u2013 25 d\u00e9cembre, 2021<\/h3>\n<p>[\/et_pb_text][\/et_pb_column][\/et_pb_row][\/et_pb_section][et_pb_section fb_built=\u00a0\u00bb1&Prime; _builder_version=\u00a0\u00bb4.16&Prime; _module_preset=\u00a0\u00bbdefault\u00a0\u00bb custom_padding=\u00a0\u00bb14px||7px|||\u00a0\u00bb global_colors_info=\u00a0\u00bb{}\u00a0\u00bb][et_pb_row _builder_version=\u00a0\u00bb4.16&Prime; _module_preset=\u00a0\u00bbdefault\u00a0\u00bb custom_padding=\u00a0\u00bb0px|0px|0px|0px|false|false\u00a0\u00bb global_colors_info=\u00a0\u00bb{}\u00a0\u00bb][et_pb_column type=\u00a0\u00bb4_4&Prime; _builder_version=\u00a0\u00bb4.16&Prime; _module_preset=\u00a0\u00bbdefault\u00a0\u00bb global_colors_info=\u00a0\u00bb{}\u00a0\u00bb][et_pb_text _builder_version=\u00a0\u00bb4.16&Prime; _module_preset=\u00a0\u00bbdefault\u00a0\u00bb header_4_font=\u00a0\u00bb|||on|||||\u00a0\u00bb header_4_font_size=\u00a0\u00bb25px\u00a0\u00bb header_4_line_height=\u00a0\u00bb1.4em\u00a0\u00bb custom_padding=\u00a0\u00bb0px|0px|0px|0px|false|false\u00a0\u00bb global_colors_info=\u00a0\u00bb{}\u00a0\u00bb]<\/p>\n<h4>D\u00e9c\u00e8s de Fred Taylor \u2013 Classificateur Contractuel<\/h4>\n<p>[\/et_pb_text][\/et_pb_column][\/et_pb_row][\/et_pb_section][et_pb_section fb_built=\u00a0\u00bb1&Prime; _builder_version=\u00a0\u00bb4.16&Prime; background_image=\u00a0\u00bbhttps:\/\/beefgradingagency.ca\/wp-content\/uploads\/2020\/03\/butcher-image-07.png\u00a0\u00bb background_size=\u00a0\u00bbinitial\u00a0\u00bb background_position=\u00a0\u00bbbottom_right\u00a0\u00bb custom_padding=\u00a0\u00bb9px|||||\u00a0\u00bb global_colors_info=\u00a0\u00bb{}\u00a0\u00bb][et_pb_row column_structure=\u00a0\u00bb1_4,1_2,1_4&Prime; _builder_version=\u00a0\u00bb4.16&Prime; custom_padding=\u00a0\u00bb6px|||||\u00a0\u00bb global_colors_info=\u00a0\u00bb{}\u00a0\u00bb][et_pb_column type=\u00a0\u00bb1_4&Prime; _builder_version=\u00a0\u00bb4.16&Prime; global_colors_info=\u00a0\u00bb{}\u00a0\u00bb][et_pb_image src=\u00a0\u00bbhttps:\/\/beefgradingagency.ca\/wp-content\/uploads\/fred-taylor.jpg\u00a0\u00bb alt=\u00a0\u00bbFred Taylor\u00a0\u00bb title_text=\u00a0\u00bbFred Taylor\u00a0\u00bb _builder_version=\u00a0\u00bb4.16&Prime; width_tablet=\u00a0\u00bb\u00a0\u00bb width_phone=\u00a0\u00bb\u00a0\u00bb width_last_edited=\u00a0\u00bbon|desktop\u00a0\u00bb max_width=\u00a0\u00bb100%\u00a0\u00bb global_colors_info=\u00a0\u00bb{}\u00a0\u00bb][\/et_pb_image][et_pb_testimonial quote_icon_color=\u00a0\u00bbRGBA(255,255,255,0)\u00a0\u00bb quote_icon_background_color=\u00a0\u00bbRGBA(255,255,255,0)\u00a0\u00bb portrait_width=\u00a0\u00bb122px\u00a0\u00bb portrait_height=\u00a0\u00bb170px\u00a0\u00bb _builder_version=\u00a0\u00bb4.16&Prime; _module_preset=\u00a0\u00bbdefault\u00a0\u00bb body_font=\u00a0\u00bb|600|||||||\u00a0\u00bb body_font_size=\u00a0\u00bb15px\u00a0\u00bb global_colors_info=\u00a0\u00bb{}\u00a0\u00bb]<\/p>\n<p style=\"text-align: center;\">M. Fred Wayne Taylor<br \/>10 d\u00e9cembre 1952 &#8211; 25 d\u00e9cembre 2021<\/p>\n<p>[\/et_pb_testimonial][\/et_pb_column][et_pb_column type=\u00a0\u00bb1_2&Prime; _builder_version=\u00a0\u00bb4.16&Prime; global_colors_info=\u00a0\u00bb{}\u00a0\u00bb][et_pb_blurb use_icon=\u00a0\u00bbon\u00a0\u00bb _builder_version=\u00a0\u00bb4.16&Prime; _module_preset=\u00a0\u00bbdefault\u00a0\u00bb header_font_size=\u00a0\u00bb20px\u00a0\u00bb global_colors_info=\u00a0\u00bb{}\u00a0\u00bb]<\/p>\n<h4><\/h4>\n<p><strong>Nous sommes profond\u00e9ment attrist\u00e9s de vous informer du d\u00e9c\u00e8s inattendu de Fred Taylor, survenu le 25 d\u00e9cembre 2021.<\/strong> Fred \u00e9tait l&rsquo;un de nos principaux classificateurs contractuels. Il a fournit des services de classement pour l\u2019ACCB depuis sa cr\u00e9ation.<\/p>\n<p>Fred a toujours eu la production de b\u0153uf \u00e0 c\u0153ur, il n&rsquo;\u00e9tait pas seulement l&rsquo;un de nos principaux entrepreneurs, mais au cours des derni\u00e8res ann\u00e9es, il a \u00e9galement particip\u00e9 \u00e0 la cr\u00e9ation des normes r\u00e9gionales de l&rsquo;Alberta et du service de classement \u00e0 X-L Beef \u00e0 Calgary. Ses contrats les plus r\u00e9cents \u00e9taient chez Cargill High River et Harmony Beef \u00e0 Balzac, o\u00f9 il \u00e9tait impliqu\u00e9 dans la production de b\u0153uf d\u00e8s les premiers \u00e9tapes de production.<\/p>\n<p>Fred a toujours pris au s\u00e9rieux les buts et objectifs de l&rsquo;Agence pour fournir une prestation coh\u00e9rente et efficace du service de classement. Il a \u00e0 la fois form\u00e9 ses employ\u00e9s et les classificateurs d\u2019urgence, parmi les employ\u00e9s de l\u2019usine, et continu\u00e9 \u00e0 les auditer p\u00e9riodiquement sur l&rsquo;application des normes de classement du Canada. Si toutefois des probl\u00e8mes surgissaient, Fred ne tardait pas \u00e0 t\u00e9l\u00e9phoner ou \u00e0 se rendre \u00e0 l\u2019\u00e9tablissement pour lancer le processus afin de d\u00e9terminer la source et la cause du probl\u00e8me.<\/p>\n<p>Pour bien comprendre le syst\u00e8me canadien de classement du b\u0153uf, il est important d\u2019expliquer ad\u00e9quatement ce qui constitue chaque cat\u00e9gorie de classement et Fred \u00e9tait toujours plus que dispos\u00e9 \u00e0 \u00e9duquer le consommateur, le producteur, les \u00e9tablissements de transformation de la viande ou le d\u00e9taillant selon son exp\u00e9rience et ses connaissances.<\/p>\n<p>Il provenait d&rsquo;une ferme d\u2019exploitation mixte \u00e0 Pierson au Manitoba, et il attribuait son succ\u00e8s au fait d&rsquo;avoir grandi dans une petite communaut\u00e9 agricole et d&rsquo;avoir \u00e9t\u00e9 membre des 4-H dans la communaut\u00e9 pendant dix ans. Il \u00e9tait bien connu dans l&rsquo;industrie et il a jug\u00e9 des expositions de b\u00e9tail \u00e0 travers le Canada. Il a \u00e9galement cr\u00e9\u00e9 et mis en place le concours de carcasses pour le Stampede de Calgary. Ce concours est bas\u00e9 sur les exigences des consommateurs, des d\u00e9taillants et des restaurateurs.<\/p>\n<p>Fred manquera \u00e9norm\u00e9ment \u00e0 tous ceux qui le connaissaient, et nos condol\u00e9ances vont \u00e0 toute sa famille et ses amis pendant cette p\u00e9riode triste et difficile.<\/p>\n<p>Veuillez visiter la page comm\u00e9morative <a href=\"https:\/\/www.lylereeves.com\/obituaries\/Fredrick-Taylor-6\/\">Fred\u2019s memorial page<\/a> pour partager un souvenir ou pour envoyer des condol\u00e9ances \u00e0 la famille, pour lire l\u2019avis de d\u00e9c\u00e8s et trouver les \u00e9v\u00e9nements \u00e0 venir.<\/p>\n<p style=\"text-align: right;\"> &#8212; Amanda Bennett, Executive Director<\/p>\n<p>[\/et_pb_blurb][\/et_pb_column][et_pb_column type=\u00a0\u00bb1_4&Prime; _builder_version=\u00a0\u00bb4.16&Prime; global_colors_info=\u00a0\u00bb{}\u00a0\u00bb][et_pb_button button_url=\u00a0\u00bbhttps:\/\/www.lylereeves.com\/obituaries\/Fredrick-Taylor-6\/\u00a0\u00bb url_new_window=\u00a0\u00bbon\u00a0\u00bb button_text=\u00a0\u00bbLien comm\u00e9moratif\u00a0\u00bb button_alignment=\u00a0\u00bbleft\u00a0\u00bb _builder_version=\u00a0\u00bb4.16&Prime; custom_button=\u00a0\u00bbon\u00a0\u00bb button_text_size=\u00a0\u00bb14px\u00a0\u00bb button_text_color=\u00a0\u00bb#ffffff\u00a0\u00bb button_bg_color=\u00a0\u00bb#000000&Prime; button_border_width=\u00a0\u00bb10px\u00a0\u00bb button_border_color=\u00a0\u00bbrgba(0,0,0,0)\u00a0\u00bb button_border_radius=\u00a0\u00bb0px\u00a0\u00bb button_letter_spacing=\u00a0\u00bb2px\u00a0\u00bb button_font=\u00a0\u00bbRaleway|700||on|||||\u00a0\u00bb animation_style=\u00a0\u00bbfold\u00a0\u00bb animation_direction=\u00a0\u00bbleft\u00a0\u00bb locked=\u00a0\u00bboff\u00a0\u00bb global_colors_info=\u00a0\u00bb{}\u00a0\u00bb button_bg_color__hover_enabled=\u00a0\u00bbon\u00a0\u00bb button_bg_color__hover=\u00a0\u00bb#9a000e\u00a0\u00bb][\/et_pb_button][et_pb_sidebar orientation=\u00a0\u00bbright\u00a0\u00bb _builder_version=\u00a0\u00bb4.16&Prime; header_font=\u00a0\u00bb|||on|||||\u00a0\u00bb header_font_size=\u00a0\u00bb17px\u00a0\u00bb body_font=\u00a0\u00bb||||||||\u00a0\u00bb body_font_size=\u00a0\u00bb12px\u00a0\u00bb body_line_height=\u00a0\u00bb1.6em\u00a0\u00bb custom_padding=\u00a0\u00bb0px|10px|0px|10px|true|true\u00a0\u00bb global_colors_info=\u00a0\u00bb{}\u00a0\u00bb][\/et_pb_sidebar][\/et_pb_column][\/et_pb_row][\/et_pb_section]<\/p>\n","protected":false},"excerpt":{"rendered":"<p>Nous sommes profond\u00e9ment attrist\u00e9s de vous informer du d\u00e9c\u00e8s inattendu de Fred Taylor, survenu le 25 d\u00e9cembre 2021.<\/p>\n","protected":false},"author":2,"featured_media":0,"parent":0,"menu_order":0,"comment_status":"closed","ping_status":"closed","template":"","meta":{"_et_pb_use_builder":"on","_et_pb_old_content":"","_et_gb_content_width":"","footnotes":""},"class_list":["post-6043","page","type-page","status-publish","hentry"],"_links":{"self":[{"href":"https:\/\/beefgradingagency.ca\/fr\/wp-json\/wp\/v2\/pages\/6043","targetHints":{"allow":["GET"]}}],"collection":[{"href":"https:\/\/beefgradingagency.ca\/fr\/wp-json\/wp\/v2\/pages"}],"about":[{"href":"https:\/\/beefgradingagency.ca\/fr\/wp-json\/wp\/v2\/types\/page"}],"author":[{"embeddable":true,"href":"https:\/\/beefgradingagency.ca\/fr\/wp-json\/wp\/v2\/users\/2"}],"replies":[{"embeddable":true,"href":"https:\/\/beefgradingagency.ca\/fr\/wp-json\/wp\/v2\/comments?post=6043"}],"version-history":[{"count":13,"href":"https:\/\/beefgradingagency.ca\/fr\/wp-json\/wp\/v2\/pages\/6043\/revisions"}],"predecessor-version":[{"id":9041,"href":"https:\/\/beefgradingagency.ca\/fr\/wp-json\/wp\/v2\/pages\/6043\/revisions\/9041"}],"wp:attachment":[{"href":"https:\/\/beefgradingagency.ca\/fr\/wp-json\/wp\/v2\/media?parent=6043"}],"curies":[{"name":"wp","href":"https:\/\/api.w.org\/{rel}","templated":true}]}}