{"id":9514,"date":"2026-03-03T13:12:19","date_gmt":"2026-03-03T20:12:19","guid":{"rendered":"https:\/\/beefgradingagency.ca\/publiee-pour-commeentaires-du-public\/"},"modified":"2026-04-29T15:56:43","modified_gmt":"2026-04-29T22:56:43","slug":"pour-commentaires-du-public","status":"publish","type":"page","link":"https:\/\/beefgradingagency.ca\/fr\/pour-commentaires-du-public\/","title":{"rendered":"Publi\u00e9 pour commentaires du public"},"content":{"rendered":"<p>[et_pb_section fb_built=\u00a0\u00bb1&Prime; custom_padding_last_edited=\u00a0\u00bbon|phone\u00a0\u00bb _builder_version=\u00a0\u00bb4.16&Prime; use_background_color_gradient=\u00a0\u00bbon\u00a0\u00bb background_color_gradient_direction=\u00a0\u00bb90deg\u00a0\u00bb background_color_gradient_stops=\u00a0\u00bb#000000 30%|rgba(0,0,0,0.16) 100%\u00a0\u00bb background_color_gradient_overlays_image=\u00a0\u00bbon\u00a0\u00bb background_color_gradient_start=\u00a0\u00bb#000000&Prime; background_color_gradient_start_position=\u00a0\u00bb30%\u00a0\u00bb background_color_gradient_end=\u00a0\u00bbrgba(0,0,0,0.16)\u00a0\u00bb background_image=\u00a0\u00bbhttps:\/\/beefgradingagency.ca\/wp-content\/uploads\/2020\/10\/bkg-steak2.jpg\u00a0\u00bb custom_padding=\u00a0\u00bb3vw|0px|3vw|0px|true|false\u00a0\u00bb custom_padding_tablet=\u00a0\u00bb2vw||2vw||true|false\u00a0\u00bb custom_padding_phone=\u00a0\u00bb1.5vw||1.5vw||true|false\u00a0\u00bb background_last_edited=\u00a0\u00bbon|tablet\u00a0\u00bb global_colors_info=\u00a0\u00bb{}\u00a0\u00bb][et_pb_row _builder_version=\u00a0\u00bb4.16&Prime; global_colors_info=\u00a0\u00bb{}\u00a0\u00bb][et_pb_column type=\u00a0\u00bb4_4&Prime; _builder_version=\u00a0\u00bb4.16&Prime; global_colors_info=\u00a0\u00bb{}\u00a0\u00bb][et_pb_text content_tablet=\u00a0\u00bb<\/p>\n<h4>Agence canadienne de classement du b\u0153uf<\/h4>\n<p>\u00a0\u00bb content_phone=\u00a0\u00bb<\/p>\n<h4>Agence canadienne de classement du b\u0153uf<\/h4>\n<p>\u00a0\u00bb content_last_edited=\u00a0\u00bbon|phone\u00a0\u00bb _builder_version=\u00a0\u00bb4.27.6&Prime; text_font=\u00a0\u00bbRaleway|500|||||||\u00a0\u00bb text_text_color=\u00a0\u00bb#e02b20&Prime; text_font_size=\u00a0\u00bb15px\u00a0\u00bb text_line_height=\u00a0\u00bb1.5em\u00a0\u00bb header_font=\u00a0\u00bbMontserrat|||on|||||\u00a0\u00bb header_font_size=\u00a0\u00bb45px\u00a0\u00bb header_letter_spacing=\u00a0\u00bb1px\u00a0\u00bb header_line_height=\u00a0\u00bb1.1em\u00a0\u00bb header_4_font=\u00a0\u00bb|600||on|||||\u00a0\u00bb header_4_text_color=\u00a0\u00bb#ff0000&Prime; header_4_font_size=\u00a0\u00bb19px\u00a0\u00bb header_4_letter_spacing=\u00a0\u00bb10px\u00a0\u00bb header_4_line_height=\u00a0\u00bb1.4em\u00a0\u00bb text_orientation=\u00a0\u00bbcenter\u00a0\u00bb background_layout=\u00a0\u00bbdark\u00a0\u00bb max_width=\u00a0\u00bb90%\u00a0\u00bb max_width_tablet=\u00a0\u00bb\u00a0\u00bb max_width_phone=\u00a0\u00bb\u00a0\u00bb max_width_last_edited=\u00a0\u00bbon|phone\u00a0\u00bb module_alignment=\u00a0\u00bbcenter\u00a0\u00bb custom_margin=\u00a0\u00bb0px|0px|0px|0px|true|false\u00a0\u00bb custom_padding=\u00a0\u00bb2vw|0px|0vw|0px|false|false\u00a0\u00bb custom_padding_tablet=\u00a0\u00bb3vw||0vw||false|false\u00a0\u00bb custom_padding_phone=\u00a0\u00bb5vw||0vw||false|false\u00a0\u00bb custom_padding_last_edited=\u00a0\u00bbon|phone\u00a0\u00bb animation_style=\u00a0\u00bbfade\u00a0\u00bb header_font_size_tablet=\u00a0\u00bb45px\u00a0\u00bb header_font_size_phone=\u00a0\u00bb35px\u00a0\u00bb header_font_size_last_edited=\u00a0\u00bbon|desktop\u00a0\u00bb header_4_font_size_tablet=\u00a0\u00bb18px\u00a0\u00bb header_4_font_size_phone=\u00a0\u00bb16px\u00a0\u00bb header_4_font_size_last_edited=\u00a0\u00bbon|phone\u00a0\u00bb header_4_letter_spacing_tablet=\u00a0\u00bb5px\u00a0\u00bb header_4_letter_spacing_phone=\u00a0\u00bb4px\u00a0\u00bb header_4_letter_spacing_last_edited=\u00a0\u00bbon|desktop\u00a0\u00bb header_4_line_height_tablet=\u00a0\u00bb\u00a0\u00bb header_4_line_height_phone=\u00a0\u00bb\u00a0\u00bb header_4_line_height_last_edited=\u00a0\u00bbon|tablet\u00a0\u00bb text_text_shadow_style=\u00a0\u00bbpreset4&Prime; text_text_shadow_blur_strength=\u00a0\u00bb0.53em\u00a0\u00bb header_text_shadow_style=\u00a0\u00bbpreset4&Prime; header_text_shadow_blur_strength=\u00a0\u00bb0.18em\u00a0\u00bb header_text_shadow_color=\u00a0\u00bb#000000&Prime; header_4_text_shadow_style=\u00a0\u00bbpreset2&Prime; header_4_text_shadow_horizontal_length=\u00a0\u00bb0.06em\u00a0\u00bb header_4_text_shadow_vertical_length=\u00a0\u00bb0.07em\u00a0\u00bb header_4_text_shadow_blur_strength=\u00a0\u00bb0em\u00a0\u00bb header_4_text_shadow_color=\u00a0\u00bb#000000&Prime; border_width_all=\u00a0\u00bb2px\u00a0\u00bb border_color_all=\u00a0\u00bbrgba(255,255,255,0.18)\u00a0\u00bb border_width_right=\u00a0\u00bb0px\u00a0\u00bb border_width_bottom=\u00a0\u00bb0px\u00a0\u00bb border_width_left=\u00a0\u00bb0px\u00a0\u00bb saved_tabs=\u00a0\u00bball\u00a0\u00bb global_colors_info=\u00a0\u00bb{}\u00a0\u00bb header_font_size__hover_enabled=\u00a0\u00bbon|desktop\u00a0\u00bb header_font_size__hover=\u00a0\u00bb45px\u00a0\u00bb]<\/p>\n<h4>Agence Canadienne de classement du b\u0153uf<\/h4>\n<p>[\/et_pb_text][et_pb_text content_tablet=\u00a0\u00bb<\/p>\n<h1>Nouvelles et Annonces<\/h1>\n<p>\u00a0\u00bb content_phone=\u00a0\u00bb<\/p>\n<h1>Nouvelles et Annonces<\/h1>\n<p>\u00a0\u00bb content_last_edited=\u00a0\u00bbon|desktop\u00a0\u00bb _builder_version=\u00a0\u00bb4.27.6&Prime; text_font=\u00a0\u00bbRaleway|500|||||||\u00a0\u00bb text_text_color=\u00a0\u00bb#e02b20&Prime; text_font_size=\u00a0\u00bb15px\u00a0\u00bb text_line_height=\u00a0\u00bb1.5em\u00a0\u00bb header_font=\u00a0\u00bb|||on|||||\u00a0\u00bb header_font_size=\u00a0\u00bb45px\u00a0\u00bb header_letter_spacing=\u00a0\u00bb1px\u00a0\u00bb header_line_height=\u00a0\u00bb1.4em\u00a0\u00bb header_4_font=\u00a0\u00bbRaleway|600|||||||\u00a0\u00bb header_4_text_color=\u00a0\u00bb#b70900&Prime; header_4_font_size=\u00a0\u00bb20px\u00a0\u00bb header_4_letter_spacing=\u00a0\u00bb10px\u00a0\u00bb text_orientation=\u00a0\u00bbcenter\u00a0\u00bb background_layout=\u00a0\u00bbdark\u00a0\u00bb max_width=\u00a0\u00bb80%\u00a0\u00bb max_width_tablet=\u00a0\u00bb\u00a0\u00bb max_width_phone=\u00a0\u00bb\u00a0\u00bb max_width_last_edited=\u00a0\u00bbon|phone\u00a0\u00bb module_alignment=\u00a0\u00bbcenter\u00a0\u00bb custom_margin=\u00a0\u00bb0px||0px||true\u00a0\u00bb custom_padding=\u00a0\u00bb1vw||2.5vw||false|false\u00a0\u00bb custom_padding_tablet=\u00a0\u00bb0vw||2vw||false|false\u00a0\u00bb custom_padding_phone=\u00a0\u00bb0vw||2vw||false|false\u00a0\u00bb custom_padding_last_edited=\u00a0\u00bbon|tablet\u00a0\u00bb animation_style=\u00a0\u00bbfade\u00a0\u00bb header_font_size_tablet=\u00a0\u00bb45px\u00a0\u00bb header_font_size_phone=\u00a0\u00bb28px\u00a0\u00bb header_font_size_last_edited=\u00a0\u00bbon|tablet\u00a0\u00bb text_text_shadow_style=\u00a0\u00bbpreset4&Prime; text_text_shadow_blur_strength=\u00a0\u00bb0.53em\u00a0\u00bb header_text_shadow_style=\u00a0\u00bbpreset4&Prime; header_text_shadow_blur_strength=\u00a0\u00bb0.18em\u00a0\u00bb header_text_shadow_color=\u00a0\u00bb#000000&Prime; border_width_all=\u00a0\u00bb2px\u00a0\u00bb border_color_all=\u00a0\u00bbrgba(255,255,255,0.18)\u00a0\u00bb border_width_top=\u00a0\u00bb0px\u00a0\u00bb border_width_right=\u00a0\u00bb0px\u00a0\u00bb border_width_left=\u00a0\u00bb0px\u00a0\u00bb saved_tabs=\u00a0\u00bball\u00a0\u00bb global_colors_info=\u00a0\u00bb{}\u00a0\u00bb header_font_size__hover_enabled=\u00a0\u00bbon|desktop\u00a0\u00bb header_font_size__hover=\u00a0\u00bb45px\u00a0\u00bb]<\/p>\n<h1>nouvelles et annonces<\/h1>\n<p>[\/et_pb_text][\/et_pb_column][\/et_pb_row][\/et_pb_section][et_pb_section fb_built=\u00a0\u00bb1&Prime; admin_label=\u00a0\u00bbOur Meats\u00a0\u00bb _builder_version=\u00a0\u00bb4.16&Prime; custom_padding=\u00a0\u00bb28px|0px|0|0px|false|false\u00a0\u00bb global_colors_info=\u00a0\u00bb{}\u00a0\u00bb][et_pb_row column_structure=\u00a0\u00bb3_4,1_4&Prime; use_custom_gutter=\u00a0\u00bbon\u00a0\u00bb gutter_width=\u00a0\u00bb2&Prime; _builder_version=\u00a0\u00bb4.27.6&Prime; width=\u00a0\u00bb90%\u00a0\u00bb width_tablet=\u00a0\u00bb\u00a0\u00bb width_phone=\u00a0\u00bb\u00a0\u00bb width_last_edited=\u00a0\u00bbon|phone\u00a0\u00bb max_width=\u00a0\u00bb1260px\u00a0\u00bb max_width_tablet=\u00a0\u00bb\u00a0\u00bb max_width_phone=\u00a0\u00bb\u00a0\u00bb max_width_last_edited=\u00a0\u00bbon|tablet\u00a0\u00bb custom_padding=\u00a0\u00bb0px|0px|0px|39px|false|false\u00a0\u00bb global_colors_info=\u00a0\u00bb{}\u00a0\u00bb][et_pb_column type=\u00a0\u00bb3_4&Prime; _builder_version=\u00a0\u00bb4.27.6&Prime; custom_padding=\u00a0\u00bb0px|0px|0px|0px|false|false\u00a0\u00bb global_colors_info=\u00a0\u00bb{}\u00a0\u00bb][et_pb_text _builder_version=\u00a0\u00bb4.27.6&Prime; _module_preset=\u00a0\u00bbdefault\u00a0\u00bb header_font=\u00a0\u00bb|700||on|||||\u00a0\u00bb header_text_color=\u00a0\u00bb#000000&Prime; custom_margin=\u00a0\u00bb||-2px|||\u00a0\u00bb global_colors_info=\u00a0\u00bb{}\u00a0\u00bb]<\/p>\n<h1 class=\"entry-title\">Modifications r\u00e9centes au document des exigences de classification<\/h1>\n<p>[\/et_pb_text][et_pb_text _builder_version=\u00a0\u00bb4.27.6&Prime; _module_preset=\u00a0\u00bbdefault\u00a0\u00bb header_font=\u00a0\u00bb|700||on|||||\u00a0\u00bb header_text_color=\u00a0\u00bb#000000&Prime; header_2_font=\u00a0\u00bb|700|||||||\u00a0\u00bb header_2_text_color=\u00a0\u00bb#000000&Prime; custom_margin=\u00a0\u00bb||-2px|||\u00a0\u00bb global_colors_info=\u00a0\u00bb{}\u00a0\u00bb]<\/p>\n<h2 class=\"entry-title\">\u00a0Modification approuv\u00e9e \u2013 Niveaux et degr\u00e9s de persillage dans les cat\u00e9gories de qualit\u00e9 du b\u0153uf<\/p>\n<\/h2>\n<p>[\/et_pb_text][et_pb_text _builder_version=\u00a0\u00bb4.27.6&Prime; _module_preset=\u00a0\u00bbdefault\u00a0\u00bb text_text_color=\u00a0\u00bb#000000&Prime; custom_margin=\u00a0\u00bb||2px|||\u00a0\u00bb global_colors_info=\u00a0\u00bb{}\u00a0\u00bb]<\/p>\n<p><strong>29 avril 2026<\/strong><\/p>\n<p>[\/et_pb_text][et_pb_text _builder_version=\u00a0\u00bb4.27.6&Prime; _module_preset=\u00a0\u00bbdefault\u00a0\u00bb global_colors_info=\u00a0\u00bb{}\u00a0\u00bb]<\/p>\n<p>L&rsquo;Agence canadienne de classement du b\u0153uf (ACCB) est responsable de la prestation du service de classement des carcasses de boeuf, de bison et de veau au Canada. Les noms des cat\u00e9gories de classement et les normes de qualit\u00e9s pour ces carcasses figurent dans le document intitul\u00e9 <span style=\"color: #000000;\">\u00ab\u00a0Document sur les exigences relatives<a href=\"https:\/\/beefgradingagency.ca\/wp-content\/uploads\/ACCB-Canadien-Categorie-Exigences.pdf\" style=\"color: #000000;\"><em> \u00e0<\/em><\/a>\u00a0la classification des carcasses de <a href=\"https:\/\/beefgradingagency.ca\/wp-content\/uploads\/ACCB-Canadien-Categorie-Exigences.pdf\" style=\"color: #000000;\"><em>b\u0153uf, de bison de de veau\u00a0\u00bb.<\/em><\/a><\/span><\/p>\n<p><span style=\"color: #000000;\">L\u2019ACCB est \u00e9galement responsable de l\u2019administration de ce document, y compris sa gestion continue et les modifications qui y sont apport\u00e9es au besoin. \u00c0 la suite de la p\u00e9riode de consultation publique, une modification a \u00e9t\u00e9 apport\u00e9e afin de mieux reconna\u00eetre les degr\u00e9s de persillage dans les cat\u00e9gories Canada AAA et Canada Prime.<\/span><span data-olk-copy-source=\"MessageBody\">\u00a0<\/span><\/p>\n<p>[\/et_pb_text][et_pb_divider color=\u00a0\u00bb#E02B20&Prime; _builder_version=\u00a0\u00bb4.27.6&Prime; _module_preset=\u00a0\u00bbdefault\u00a0\u00bb global_colors_info=\u00a0\u00bb{}\u00a0\u00bb][\/et_pb_divider][et_pb_text _builder_version=\u00a0\u00bb4.27.6&Prime; _module_preset=\u00a0\u00bbdefault\u00a0\u00bb header_2_font=\u00a0\u00bb|600|||||||\u00a0\u00bb header_2_text_color=\u00a0\u00bb#000000&Prime; custom_margin=\u00a0\u00bb||30px|||\u00a0\u00bb custom_padding=\u00a0\u00bb||0px|||\u00a0\u00bb global_colors_info=\u00a0\u00bb{}\u00a0\u00bb]<\/p>\n<h2 style=\"text-align: center;\"><span lang=\"EN-US\">Modifications apport\u00e9es aux niveaux et degr\u00e9s de persillage dans les cat\u00e9gories de qualit\u00e9 du b\u0153ufodification apportees aux niveaux de persillage dans les cat\u00e9gories de qualit\u00e9 du b\u0153uf<o:p><\/o:p><\/span><\/h2>\n<p><strong>Contexte:<\/strong><br \/>L&rsquo;Agence canadienne de classement du b\u0153uf (ACCB) est responsable de la prestation du service de classement des carcasses de b\u0153uf, de bison et de veau au Canada. L&rsquo;Agence canadienne de classement du b\u0153uf (ACCB) est responsable de la prestation du service de classement des carcasses de b\u0153uf, de bison et de veau au Canada. Les noms des cat\u00e9gories de classement et les normes de qualit\u00e9s pour ces carcasses figurent dans le document intitul\u00e9 \u00abDocument sur les exigences relatives \u00e0 la classification des carcasses de b\u0153uf, de bison et de veau\u00bb.<\/p>\n<p>Il est disponible sur le site internet de l\u2019ACCB. L\u2019ACCB est \u00e9galement responsable de l\u2019administration de ce document, y compris de la gestion courante et des propositions de modification du document lorsqu\u2019elles se pr\u00e9sentent. Pour g\u00e9rer les propositions de modifications des normes par les parties int\u00e9ress\u00e9es, l\u2019ACCB a mis au point un processus transparent, fiable et coh\u00e9rent qui s\u2019assure que les modifications propos\u00e9es soient disponibles pour commentaires de la part des parties prenantes, que les impacts soient correctement pris en compte, qu&rsquo;une p\u00e9riode de consultation publique appropri\u00e9e soit pr\u00e9vue et que les modifications propos\u00e9es b\u00e9n\u00e9ficient d&rsquo;un large soutien. Une fois que ces conditions sont remplies, l\u2019ACCB estime que les modifications peuvent \u00eatre finalis\u00e9es rapidement. Les exigences sur les normes des cat\u00e9gories, d\u00e9crites dans le \u00abDocument sur les exigences relatives \u00e0 la classification des carcasses de b\u0153uf, de bison et de veau\u00bb, ont force de loi, car le document est incorpor\u00e9 par renvoi dans le <em>R\u00e8glement sur la salubrit\u00e9 des aliments au Canada<\/em>, qui est administr\u00e9 et appliqu\u00e9 par l&rsquo;Agence canadienne d&rsquo;inspection des aliments.<\/p>\n<p><span>Veuillez trouver ci-dessous un r\u00e9sum\u00e9 des modifications apport\u00e9es:\u00a0<br \/><\/span><\/p>\n<p><strong>Description g\u00e9n\u00e9rale de la modification:<\/strong><\/p>\n<p>L\u2019ACCB a apport\u00e9 une modification mineure au document des exigences de classification afin de clarifier les degr\u00e9s de persillage utilis\u00e9s dans le classement des carcasses de b\u0153uf au Canada.<\/p>\n<p>Cette modification :<\/p>\n<ul>\n<li><strong>n\u2019a pas modifi\u00e9<\/strong> les exigences minimales de persillage pour les cat\u00e9gories Canada A, AA, AAA ou Prime<\/li>\n<li><strong>n\u2019a pas modifi\u00e9<\/strong> l\u2019application des normes par les classificateurs<\/li>\n<\/ul>\n<p>Elle vise uniquement \u00e0 <strong>mieux expliciter les degr\u00e9s de persillage<\/strong>, d\u00e9j\u00e0 reconnus et appliqu\u00e9s en pratique.<\/p>\n<p><strong>Modifications sp\u00e9cifique<\/strong><\/p>\n<ol>\n<li><strong> D\u00e9finition du persillage<\/strong><\/li>\n<\/ol>\n<p><strong>Ancien libell\u00e9 :<\/strong><br \/>\u00ab La quantit\u00e9, le volume et la distribution de la graisse intramusculaire dans les muscles longissimus d\u2019une carcasse\u2026 \u00bb<\/p>\n<p><strong>Nouveau libell\u00e9 :<\/strong><br \/>La quantit\u00e9, le volume, la distribution <strong>et le degr\u00e9<\/strong> de la graisse intramusculaire dans les muscles longissimus d\u2019une carcasse\u2026<\/p>\n<p><strong>Notes :<\/strong><br \/>Ajout du concept de degr\u00e9 de persillage afin d\u2019assurer l\u2019harmonisation avec les syst\u00e8mes canadien et am\u00e9ricain.<\/p>\n<ol start=\"2\">\n<li><strong> Terminologie \u2013 \u00ab niveau \u00bb vs \u00ab degr\u00e9 \u00bb de persillage<\/strong><\/li>\n<\/ol>\n<p><strong>Ancien libell\u00e9 :<\/strong><br \/>\u00ab le niveau de persillage applicable\u2026 \u00bb<\/p>\n<p><strong>Nouveau libell\u00e9 :<\/strong><br \/>\u00ab le degr\u00e9 de persillage\u2026 \u00bb<\/p>\n<p><strong>Notes :<\/strong><br \/>Harmonisation avec la d\u00e9finition r\u00e9vis\u00e9e et avec le tableau de persillage.<\/p>\n<ol start=\"3\">\n<li><strong> Tableau de persillage (Canada A, AA, AAA, Prime)<\/strong><\/li>\n<\/ol>\n<p><strong>Ancien libell\u00e9 :<\/strong><br \/>Pr\u00e9sent\u00e9 en termes de <strong>niveaux de persillage<\/strong><\/p>\n<p><strong>Nouveau libell\u00e9 :<\/strong><br \/>Pr\u00e9sent\u00e9 en <strong>degr\u00e9s de persillage<\/strong> :<\/p>\n<ul>\n<li>Canada A : traces<\/li>\n<li>Canada AA : tr\u00e8s faible<\/li>\n<li>Canada AAA : faible, modeste, mod\u00e9r\u00e9<\/li>\n<li>Canada Prime : l\u00e9g\u00e8rement abondant, mod\u00e9r\u00e9ment abondant, abondant, tr\u00e8s abondant<\/li>\n<\/ul>\n<p><strong>Notes :<\/strong><br \/>Clarifie l\u2019existence de plusieurs degr\u00e9s dans les cat\u00e9gories AAA et Prime.<br \/>Aucune modification des exigences minimales.<br \/>Alignement avec le syst\u00e8me USDA.<\/p>\n<ol start=\"4\">\n<li><strong> Cat\u00e9gorie Canada B1<\/strong><\/li>\n<\/ol>\n<p><strong>Ancien libell\u00e9 :<\/strong><br \/>Aucune mention du persillage<\/p>\n<p><strong>Nouveau libell\u00e9 :<\/strong><br \/>Ajout : \u00ab degr\u00e9 de persillage d\u00e9pourvu ou pratiquement d\u00e9pourvu \u00bb<\/p>\n<p><strong>Notes :<\/strong><br \/>Clarifie l\u2019interpr\u00e9tation existante sans modifier les exigences.<\/p>\n<p><strong>Impact de la modification<\/strong><\/p>\n<p><strong>(i) Secteur canadien du b\u0153uf<\/strong><\/p>\n<p>La modification n\u2019a entra\u00een\u00e9 aucun changement :<\/p>\n<ul>\n<li>des normes de persillage<\/li>\n<li>de l\u2019admissibilit\u00e9 au classement<\/li>\n<li>des r\u00e9sultats de classement<\/li>\n<\/ul>\n<p>Elle a officialis\u00e9 des pratiques d\u00e9j\u00e0 en place et renforc\u00e9 la clart\u00e9 r\u00e9glementaire.<\/p>\n<p><strong>(ii) Commerce de d\u00e9tail et restauration<\/strong><\/p>\n<p>Aucun changement :<\/p>\n<ul>\n<li>aux cat\u00e9gories officielles<\/li>\n<li>aux seuils de persillage<\/li>\n<li>aux sp\u00e9cifications de produits<\/li>\n<\/ul>\n<p>La modification a simplement clarifi\u00e9 la terminologie.<\/p>\n<p><strong>(iii) Commerce d\u2019exportation<\/strong><\/p>\n<p>Aucun impact :<\/p>\n<ul>\n<li>sur l\u2019acc\u00e8s aux march\u00e9s<\/li>\n<li>sur les exigences de qualit\u00e9<\/li>\n<li>sur les \u00e9changes internationaux<\/li>\n<\/ul>\n<p>Alignement maintenu avec le syst\u00e8me USDA.<\/p>\n<p><strong>(iv) Int\u00e9grit\u00e9 du classement et surveillance r\u00e9glementaire<\/strong><\/p>\n<p>Aucune modification des exigences de classement.<br \/>La modification :<\/p>\n<ul>\n<li>am\u00e9liore la clart\u00e9 du libell\u00e9<\/li>\n<li>renforce la coh\u00e9rence d\u2019interpr\u00e9tation<\/li>\n<li>maintient l\u2019alignement avec l\u2019ACIA<\/li>\n<\/ul>\n<p><strong>P\u00e9riode de consultation publique<\/strong><\/p>\n<p>3 mars au 3 avril 2026 (30 jours)<\/p>\n<p><strong>Entr\u00e9e en vigueur<\/strong><\/p>\n<p>3 mai 2026<\/p>\n<p>&nbsp;<\/p>\n<p>&nbsp;<\/p>\n<p>[\/et_pb_text][et_pb_divider color=\u00a0\u00bb#a3a3a3&Prime; divider_weight=\u00a0\u00bb3px\u00a0\u00bb _builder_version=\u00a0\u00bb4.27.6&Prime; _module_preset=\u00a0\u00bbdefault\u00a0\u00bb min_height=\u00a0\u00bb6.8px\u00a0\u00bb custom_margin=\u00a0\u00bb10px||-12px|||\u00a0\u00bb custom_padding=\u00a0\u00bb4px||0px|||\u00a0\u00bb global_colors_info=\u00a0\u00bb{}\u00a0\u00bb][\/et_pb_divider][\/et_pb_column][et_pb_column type=\u00a0\u00bb1_4&Prime; _builder_version=\u00a0\u00bb4.16&Prime; custom_padding=\u00a0\u00bb0px|0px|0px|0px|false|false\u00a0\u00bb global_colors_info=\u00a0\u00bb{}\u00a0\u00bb][et_pb_sidebar orientation=\u00a0\u00bbright\u00a0\u00bb _builder_version=\u00a0\u00bb4.27.6&Prime; header_font=\u00a0\u00bb|||on|||||\u00a0\u00bb header_text_align=\u00a0\u00bbleft\u00a0\u00bb header_text_color=\u00a0\u00bb#6B6B6B\u00a0\u00bb body_font=\u00a0\u00bb||||||||\u00a0\u00bb background_color=\u00a0\u00bbrgba(0,0,0,0)\u00a0\u00bb text_orientation=\u00a0\u00bbjustified\u00a0\u00bb module_alignment=\u00a0\u00bbright\u00a0\u00bb custom_margin=\u00a0\u00bb0px||0px||false|false\u00a0\u00bb custom_padding=\u00a0\u00bb0px|5px|0px|30px|true|false\u00a0\u00bb saved_tabs=\u00a0\u00bball\u00a0\u00bb global_colors_info=\u00a0\u00bb{}\u00a0\u00bb][\/et_pb_sidebar][\/et_pb_column][\/et_pb_row][\/et_pb_section]<\/p>\n","protected":false},"excerpt":{"rendered":"<p>Agence Canadienne de classement du b\u0153ufnouvelles et annoncesModifications r\u00e9centes au document des exigences de classification\u00a0Modification approuv\u00e9e \u2013 Niveaux et degr\u00e9s de persillage dans les cat\u00e9gories de qualit\u00e9 du b\u0153uf 29 avril 2026L&rsquo;Agence canadienne de classement du b\u0153uf (ACCB) est responsable de la prestation du service de classement des carcasses de boeuf, de bison et de [&hellip;]<\/p>\n","protected":false},"author":1,"featured_media":0,"parent":0,"menu_order":0,"comment_status":"closed","ping_status":"closed","template":"","meta":{"_et_pb_use_builder":"on","_et_pb_old_content":"","_et_gb_content_width":"","footnotes":""},"class_list":["post-9514","page","type-page","status-publish","hentry"],"_links":{"self":[{"href":"https:\/\/beefgradingagency.ca\/fr\/wp-json\/wp\/v2\/pages\/9514","targetHints":{"allow":["GET"]}}],"collection":[{"href":"https:\/\/beefgradingagency.ca\/fr\/wp-json\/wp\/v2\/pages"}],"about":[{"href":"https:\/\/beefgradingagency.ca\/fr\/wp-json\/wp\/v2\/types\/page"}],"author":[{"embeddable":true,"href":"https:\/\/beefgradingagency.ca\/fr\/wp-json\/wp\/v2\/users\/1"}],"replies":[{"embeddable":true,"href":"https:\/\/beefgradingagency.ca\/fr\/wp-json\/wp\/v2\/comments?post=9514"}],"version-history":[{"count":17,"href":"https:\/\/beefgradingagency.ca\/fr\/wp-json\/wp\/v2\/pages\/9514\/revisions"}],"predecessor-version":[{"id":9797,"href":"https:\/\/beefgradingagency.ca\/fr\/wp-json\/wp\/v2\/pages\/9514\/revisions\/9797"}],"wp:attachment":[{"href":"https:\/\/beefgradingagency.ca\/fr\/wp-json\/wp\/v2\/media?parent=9514"}],"curies":[{"name":"wp","href":"https:\/\/api.w.org\/{rel}","templated":true}]}}